{"id":9,"date":"2026-04-13T17:04:54","date_gmt":"2026-04-13T15:04:54","guid":{"rendered":"https:\/\/mmdwc.com\/samedi\/?page_id=9"},"modified":"2026-04-29T19:50:27","modified_gmt":"2026-04-29T17:50:27","slug":"services","status":"publish","type":"page","link":"https:\/\/mmdwc.com\/samedi\/services\/","title":{"rendered":"Services"},"content":{"rendered":"<p>Un projet complexe porte souvent une intelligence r\u00e9elle, technique, scientifique et strat\u00e9gique. Tant que cette mati\u00e8re reste dense et fragment\u00e9e, elle ne permet pas de convaincre ni de d\u00e9cider. Nous travaillons sur cette articulation : organiser la complexit\u00e9 pour que les projets existent pleinement dans l&rsquo;entreprise.<\/p>\n","protected":false},"excerpt":{"rendered":"<p>Un projet complexe porte souvent une intelligence r\u00e9elle, technique, scientifique et strat\u00e9gique. Tant que cette mati\u00e8re reste dense et fragment\u00e9e, elle ne permet pas de convaincre ni de d\u00e9cider. Nous travaillons sur cette articulation : organiser la complexit\u00e9 pour que les projets existent pleinement dans l&rsquo;entreprise.<\/p>\n","protected":false},"author":1,"featured_media":0,"parent":0,"menu_order":1,"comment_status":"closed","ping_status":"closed","template":"page-CONTENU.php","meta":{"_acf_changed":false,"footnotes":""},"class_list":["post-9","page","type-page","status-publish","hentry"],"acf":[],"yoast_head":"<!-- This site is optimized with the Yoast SEO plugin v27.5 - https:\/\/yoast.com\/product\/yoast-seo-wordpress\/ -->\n<title>Services - Studio Samedi<\/title>\n<meta name=\"robots\" content=\"noindex, follow, max-snippet:-1, max-image-preview:large, max-video-preview:-1\" \/>\n<meta property=\"og:locale\" content=\"fr_FR\" \/>\n<meta property=\"og:type\" content=\"article\" \/>\n<meta property=\"og:title\" content=\"Services - Studio Samedi\" \/>\n<meta property=\"og:description\" content=\"Un projet complexe porte souvent une intelligence r\u00e9elle, technique, scientifique et strat\u00e9gique. Tant que cette mati\u00e8re reste dense et fragment\u00e9e, elle ne permet pas de convaincre ni de d\u00e9cider. Nous travaillons sur cette articulation : organiser la complexit\u00e9 pour que les projets existent pleinement dans l&rsquo;entreprise.\" \/>\n<meta property=\"og:url\" content=\"https:\/\/mmdwc.com\/samedi\/services\/\" \/>\n<meta property=\"og:site_name\" content=\"Studio Samedi\" \/>\n<meta property=\"article:modified_time\" content=\"2026-04-29T17:50:27+00:00\" \/>\n<meta name=\"twitter:card\" content=\"summary_large_image\" \/>\n<meta name=\"twitter:label1\" content=\"Dur\u00e9e de lecture estim\u00e9e\" \/>\n\t<meta name=\"twitter:data1\" content=\"1 minute\" \/>\n<script type=\"application\/ld+json\" class=\"yoast-schema-graph\">{\"@context\":\"https:\\\/\\\/schema.org\",\"@graph\":[{\"@type\":\"WebPage\",\"@id\":\"https:\\\/\\\/mmdwc.com\\\/samedi\\\/services\\\/\",\"url\":\"https:\\\/\\\/mmdwc.com\\\/samedi\\\/services\\\/\",\"name\":\"Services - Studio Samedi\",\"isPartOf\":{\"@id\":\"https:\\\/\\\/mmdwc.com\\\/samedi\\\/#website\"},\"datePublished\":\"2026-04-13T15:04:54+00:00\",\"dateModified\":\"2026-04-29T17:50:27+00:00\",\"breadcrumb\":{\"@id\":\"https:\\\/\\\/mmdwc.com\\\/samedi\\\/services\\\/#breadcrumb\"},\"inLanguage\":\"fr-FR\",\"potentialAction\":[{\"@type\":\"ReadAction\",\"target\":[\"https:\\\/\\\/mmdwc.com\\\/samedi\\\/services\\\/\"]}]},{\"@type\":\"BreadcrumbList\",\"@id\":\"https:\\\/\\\/mmdwc.com\\\/samedi\\\/services\\\/#breadcrumb\",\"itemListElement\":[{\"@type\":\"ListItem\",\"position\":1,\"name\":\"Home\",\"item\":\"https:\\\/\\\/mmdwc.com\\\/samedi\\\/\"},{\"@type\":\"ListItem\",\"position\":2,\"name\":\"Services\"}]},{\"@type\":\"WebSite\",\"@id\":\"https:\\\/\\\/mmdwc.com\\\/samedi\\\/#website\",\"url\":\"https:\\\/\\\/mmdwc.com\\\/samedi\\\/\",\"name\":\"Studio Samedi\",\"description\":\"\",\"potentialAction\":[{\"@type\":\"SearchAction\",\"target\":{\"@type\":\"EntryPoint\",\"urlTemplate\":\"https:\\\/\\\/mmdwc.com\\\/samedi\\\/?s={search_term_string}\"},\"query-input\":{\"@type\":\"PropertyValueSpecification\",\"valueRequired\":true,\"valueName\":\"search_term_string\"}}],\"inLanguage\":\"fr-FR\"}]}<\/script>\n<!-- \/ Yoast SEO plugin. -->","yoast_head_json":{"title":"Services - Studio Samedi","robots":{"index":"noindex","follow":"follow","max-snippet":"max-snippet:-1","max-image-preview":"max-image-preview:large","max-video-preview":"max-video-preview:-1"},"og_locale":"fr_FR","og_type":"article","og_title":"Services - Studio Samedi","og_description":"Un projet complexe porte souvent une intelligence r\u00e9elle, technique, scientifique et strat\u00e9gique. Tant que cette mati\u00e8re reste dense et fragment\u00e9e, elle ne permet pas de convaincre ni de d\u00e9cider. Nous travaillons sur cette articulation : organiser la complexit\u00e9 pour que les projets existent pleinement dans l&rsquo;entreprise.","og_url":"https:\/\/mmdwc.com\/samedi\/services\/","og_site_name":"Studio Samedi","article_modified_time":"2026-04-29T17:50:27+00:00","twitter_card":"summary_large_image","twitter_misc":{"Dur\u00e9e de lecture estim\u00e9e":"1 minute"},"schema":{"@context":"https:\/\/schema.org","@graph":[{"@type":"WebPage","@id":"https:\/\/mmdwc.com\/samedi\/services\/","url":"https:\/\/mmdwc.com\/samedi\/services\/","name":"Services - Studio Samedi","isPartOf":{"@id":"https:\/\/mmdwc.com\/samedi\/#website"},"datePublished":"2026-04-13T15:04:54+00:00","dateModified":"2026-04-29T17:50:27+00:00","breadcrumb":{"@id":"https:\/\/mmdwc.com\/samedi\/services\/#breadcrumb"},"inLanguage":"fr-FR","potentialAction":[{"@type":"ReadAction","target":["https:\/\/mmdwc.com\/samedi\/services\/"]}]},{"@type":"BreadcrumbList","@id":"https:\/\/mmdwc.com\/samedi\/services\/#breadcrumb","itemListElement":[{"@type":"ListItem","position":1,"name":"Home","item":"https:\/\/mmdwc.com\/samedi\/"},{"@type":"ListItem","position":2,"name":"Services"}]},{"@type":"WebSite","@id":"https:\/\/mmdwc.com\/samedi\/#website","url":"https:\/\/mmdwc.com\/samedi\/","name":"Studio Samedi","description":"","potentialAction":[{"@type":"SearchAction","target":{"@type":"EntryPoint","urlTemplate":"https:\/\/mmdwc.com\/samedi\/?s={search_term_string}"},"query-input":{"@type":"PropertyValueSpecification","valueRequired":true,"valueName":"search_term_string"}}],"inLanguage":"fr-FR"}]}},"_links":{"self":[{"href":"https:\/\/mmdwc.com\/samedi\/wp-json\/wp\/v2\/pages\/9","targetHints":{"allow":["GET"]}}],"collection":[{"href":"https:\/\/mmdwc.com\/samedi\/wp-json\/wp\/v2\/pages"}],"about":[{"href":"https:\/\/mmdwc.com\/samedi\/wp-json\/wp\/v2\/types\/page"}],"author":[{"embeddable":true,"href":"https:\/\/mmdwc.com\/samedi\/wp-json\/wp\/v2\/users\/1"}],"replies":[{"embeddable":true,"href":"https:\/\/mmdwc.com\/samedi\/wp-json\/wp\/v2\/comments?post=9"}],"version-history":[{"count":7,"href":"https:\/\/mmdwc.com\/samedi\/wp-json\/wp\/v2\/pages\/9\/revisions"}],"predecessor-version":[{"id":267,"href":"https:\/\/mmdwc.com\/samedi\/wp-json\/wp\/v2\/pages\/9\/revisions\/267"}],"wp:attachment":[{"href":"https:\/\/mmdwc.com\/samedi\/wp-json\/wp\/v2\/media?parent=9"}],"curies":[{"name":"wp","href":"https:\/\/api.w.org\/{rel}","templated":true}]}}