{"id":13,"date":"2026-04-13T17:05:39","date_gmt":"2026-04-13T15:05:39","guid":{"rendered":"https:\/\/mmdwc.com\/samedi\/?page_id=13"},"modified":"2026-04-29T19:40:59","modified_gmt":"2026-04-29T17:40:59","slug":"a-propos","status":"publish","type":"page","link":"https:\/\/mmdwc.com\/samedi\/a-propos\/","title":{"rendered":"\u00c0 propos"},"content":{"rendered":"<p>Studio Samedi est un studio de design d&rsquo;information fond\u00e9 en 2018 par Louise Volait et Marine Depery. Nous travaillons avec des ing\u00e9nieurs, des chercheurs et des chefs de projet qui portent des sujets denses dans des organisations complexes.<br \/>\nNotre m\u00e9tier : structurer leur mati\u00e8re pour qu&rsquo;elle soit comprise et port\u00e9e l\u00e0 o\u00f9 \u00e7a compte.<\/p>\n","protected":false},"excerpt":{"rendered":"<p>Studio Samedi est un studio de design d&rsquo;information fond\u00e9 en 2018 par Louise Volait et Marine Depery. Nous travaillons avec des ing\u00e9nieurs, des chercheurs et des chefs de projet qui portent des sujets denses dans des organisations complexes. Notre m\u00e9tier : structurer leur mati\u00e8re pour qu&rsquo;elle soit comprise et port\u00e9e l\u00e0 o\u00f9 \u00e7a compte.<\/p>\n","protected":false},"author":1,"featured_media":0,"parent":0,"menu_order":3,"comment_status":"closed","ping_status":"closed","template":"page-CONTENU.php","meta":{"_acf_changed":false,"footnotes":""},"class_list":["post-13","page","type-page","status-publish","hentry"],"acf":[],"yoast_head":"<!-- This site is optimized with the Yoast SEO plugin v27.5 - https:\/\/yoast.com\/product\/yoast-seo-wordpress\/ -->\n<title>\u00c0 propos - Studio Samedi<\/title>\n<meta name=\"robots\" content=\"noindex, follow, max-snippet:-1, max-image-preview:large, max-video-preview:-1\" \/>\n<meta property=\"og:locale\" content=\"fr_FR\" \/>\n<meta property=\"og:type\" content=\"article\" \/>\n<meta property=\"og:title\" content=\"\u00c0 propos - Studio Samedi\" \/>\n<meta property=\"og:description\" content=\"Studio Samedi est un studio de design d&rsquo;information fond\u00e9 en 2018 par Louise Volait et Marine Depery. Nous travaillons avec des ing\u00e9nieurs, des chercheurs et des chefs de projet qui portent des sujets denses dans des organisations complexes. Notre m\u00e9tier : structurer leur mati\u00e8re pour qu&rsquo;elle soit comprise et port\u00e9e l\u00e0 o\u00f9 \u00e7a compte.\" \/>\n<meta property=\"og:url\" content=\"https:\/\/mmdwc.com\/samedi\/a-propos\/\" \/>\n<meta property=\"og:site_name\" content=\"Studio Samedi\" \/>\n<meta property=\"article:modified_time\" content=\"2026-04-29T17:40:59+00:00\" \/>\n<meta name=\"twitter:card\" content=\"summary_large_image\" \/>\n<meta name=\"twitter:label1\" content=\"Dur\u00e9e de lecture estim\u00e9e\" \/>\n\t<meta name=\"twitter:data1\" content=\"1 minute\" \/>\n<script type=\"application\/ld+json\" class=\"yoast-schema-graph\">{\"@context\":\"https:\\\/\\\/schema.org\",\"@graph\":[{\"@type\":\"WebPage\",\"@id\":\"https:\\\/\\\/mmdwc.com\\\/samedi\\\/a-propos\\\/\",\"url\":\"https:\\\/\\\/mmdwc.com\\\/samedi\\\/a-propos\\\/\",\"name\":\"\u00c0 propos - Studio Samedi\",\"isPartOf\":{\"@id\":\"https:\\\/\\\/mmdwc.com\\\/samedi\\\/#website\"},\"datePublished\":\"2026-04-13T15:05:39+00:00\",\"dateModified\":\"2026-04-29T17:40:59+00:00\",\"breadcrumb\":{\"@id\":\"https:\\\/\\\/mmdwc.com\\\/samedi\\\/a-propos\\\/#breadcrumb\"},\"inLanguage\":\"fr-FR\",\"potentialAction\":[{\"@type\":\"ReadAction\",\"target\":[\"https:\\\/\\\/mmdwc.com\\\/samedi\\\/a-propos\\\/\"]}]},{\"@type\":\"BreadcrumbList\",\"@id\":\"https:\\\/\\\/mmdwc.com\\\/samedi\\\/a-propos\\\/#breadcrumb\",\"itemListElement\":[{\"@type\":\"ListItem\",\"position\":1,\"name\":\"Home\",\"item\":\"https:\\\/\\\/mmdwc.com\\\/samedi\\\/\"},{\"@type\":\"ListItem\",\"position\":2,\"name\":\"\u00c0 propos\"}]},{\"@type\":\"WebSite\",\"@id\":\"https:\\\/\\\/mmdwc.com\\\/samedi\\\/#website\",\"url\":\"https:\\\/\\\/mmdwc.com\\\/samedi\\\/\",\"name\":\"Studio Samedi\",\"description\":\"\",\"potentialAction\":[{\"@type\":\"SearchAction\",\"target\":{\"@type\":\"EntryPoint\",\"urlTemplate\":\"https:\\\/\\\/mmdwc.com\\\/samedi\\\/?s={search_term_string}\"},\"query-input\":{\"@type\":\"PropertyValueSpecification\",\"valueRequired\":true,\"valueName\":\"search_term_string\"}}],\"inLanguage\":\"fr-FR\"}]}<\/script>\n<!-- \/ Yoast SEO plugin. -->","yoast_head_json":{"title":"\u00c0 propos - Studio Samedi","robots":{"index":"noindex","follow":"follow","max-snippet":"max-snippet:-1","max-image-preview":"max-image-preview:large","max-video-preview":"max-video-preview:-1"},"og_locale":"fr_FR","og_type":"article","og_title":"\u00c0 propos - Studio Samedi","og_description":"Studio Samedi est un studio de design d&rsquo;information fond\u00e9 en 2018 par Louise Volait et Marine Depery. Nous travaillons avec des ing\u00e9nieurs, des chercheurs et des chefs de projet qui portent des sujets denses dans des organisations complexes. Notre m\u00e9tier : structurer leur mati\u00e8re pour qu&rsquo;elle soit comprise et port\u00e9e l\u00e0 o\u00f9 \u00e7a compte.","og_url":"https:\/\/mmdwc.com\/samedi\/a-propos\/","og_site_name":"Studio Samedi","article_modified_time":"2026-04-29T17:40:59+00:00","twitter_card":"summary_large_image","twitter_misc":{"Dur\u00e9e de lecture estim\u00e9e":"1 minute"},"schema":{"@context":"https:\/\/schema.org","@graph":[{"@type":"WebPage","@id":"https:\/\/mmdwc.com\/samedi\/a-propos\/","url":"https:\/\/mmdwc.com\/samedi\/a-propos\/","name":"\u00c0 propos - Studio Samedi","isPartOf":{"@id":"https:\/\/mmdwc.com\/samedi\/#website"},"datePublished":"2026-04-13T15:05:39+00:00","dateModified":"2026-04-29T17:40:59+00:00","breadcrumb":{"@id":"https:\/\/mmdwc.com\/samedi\/a-propos\/#breadcrumb"},"inLanguage":"fr-FR","potentialAction":[{"@type":"ReadAction","target":["https:\/\/mmdwc.com\/samedi\/a-propos\/"]}]},{"@type":"BreadcrumbList","@id":"https:\/\/mmdwc.com\/samedi\/a-propos\/#breadcrumb","itemListElement":[{"@type":"ListItem","position":1,"name":"Home","item":"https:\/\/mmdwc.com\/samedi\/"},{"@type":"ListItem","position":2,"name":"\u00c0 propos"}]},{"@type":"WebSite","@id":"https:\/\/mmdwc.com\/samedi\/#website","url":"https:\/\/mmdwc.com\/samedi\/","name":"Studio Samedi","description":"","potentialAction":[{"@type":"SearchAction","target":{"@type":"EntryPoint","urlTemplate":"https:\/\/mmdwc.com\/samedi\/?s={search_term_string}"},"query-input":{"@type":"PropertyValueSpecification","valueRequired":true,"valueName":"search_term_string"}}],"inLanguage":"fr-FR"}]}},"_links":{"self":[{"href":"https:\/\/mmdwc.com\/samedi\/wp-json\/wp\/v2\/pages\/13","targetHints":{"allow":["GET"]}}],"collection":[{"href":"https:\/\/mmdwc.com\/samedi\/wp-json\/wp\/v2\/pages"}],"about":[{"href":"https:\/\/mmdwc.com\/samedi\/wp-json\/wp\/v2\/types\/page"}],"author":[{"embeddable":true,"href":"https:\/\/mmdwc.com\/samedi\/wp-json\/wp\/v2\/users\/1"}],"replies":[{"embeddable":true,"href":"https:\/\/mmdwc.com\/samedi\/wp-json\/wp\/v2\/comments?post=13"}],"version-history":[{"count":10,"href":"https:\/\/mmdwc.com\/samedi\/wp-json\/wp\/v2\/pages\/13\/revisions"}],"predecessor-version":[{"id":253,"href":"https:\/\/mmdwc.com\/samedi\/wp-json\/wp\/v2\/pages\/13\/revisions\/253"}],"wp:attachment":[{"href":"https:\/\/mmdwc.com\/samedi\/wp-json\/wp\/v2\/media?parent=13"}],"curies":[{"name":"wp","href":"https:\/\/api.w.org\/{rel}","templated":true}]}}