{"id":8,"date":"2025-10-05T19:25:08","date_gmt":"2025-10-05T17:25:08","guid":{"rendered":"https:\/\/mmdwc.com\/DEP\/?page_id=8"},"modified":"2026-03-16T15:46:06","modified_gmt":"2026-03-16T14:46:06","slug":"home","status":"publish","type":"page","link":"https:\/\/mmdwc.com\/DEP\/","title":{"rendered":"Home"},"content":{"rendered":"<h1>Chez Depery, nous sommes sp\u00e9cialistes du d\u00e9colletage de pr\u00e9cision depuis 1826.<\/h1>\n<p>La soci\u00e9t\u00e9 est situ\u00e9e \u00e0 Scionzier, en Haute-Savoie,\u00a0 au c\u0153ur de la Vall\u00e9e de l&rsquo;Arve.<\/p>\n","protected":false},"excerpt":{"rendered":"<p>Chez Depery, nous sommes sp\u00e9cialistes du d\u00e9colletage de pr\u00e9cision depuis 1826. La soci\u00e9t\u00e9 est situ\u00e9e \u00e0 Scionzier, en Haute-Savoie,\u00a0 au c\u0153ur de la Vall\u00e9e de l&rsquo;Arve.<\/p>\n","protected":false},"author":1,"featured_media":0,"parent":0,"menu_order":0,"comment_status":"closed","ping_status":"closed","template":"","meta":{"_acf_changed":false,"footnotes":""},"class_list":["post-8","page","type-page","status-publish","hentry"],"acf":[],"yoast_head":"<!-- This site is optimized with the Yoast SEO plugin v27.5 - https:\/\/yoast.com\/product\/yoast-seo-wordpress\/ -->\n<title>D\u00e9p\u00e9ry Fr\u00e8res<\/title>\n<meta name=\"robots\" content=\"noindex, follow, max-snippet:-1, max-image-preview:large, max-video-preview:-1\" \/>\n<meta property=\"og:locale\" content=\"fr_FR\" \/>\n<meta property=\"og:type\" content=\"article\" \/>\n<meta property=\"og:title\" content=\"D\u00e9p\u00e9ry Fr\u00e8res\" \/>\n<meta property=\"og:description\" content=\"Chez Depery, nous sommes sp\u00e9cialistes du d\u00e9colletage de pr\u00e9cision depuis 1826. La soci\u00e9t\u00e9 est situ\u00e9e \u00e0 Scionzier, en Haute-Savoie,\u00a0 au c\u0153ur de la Vall\u00e9e de l&rsquo;Arve.\" \/>\n<meta property=\"og:url\" content=\"https:\/\/mmdwc.com\/DEP\/\" \/>\n<meta property=\"og:site_name\" content=\"D\u00e9p\u00e9ry Fr\u00e8res\" \/>\n<meta property=\"article:modified_time\" content=\"2026-03-16T14:46:06+00:00\" \/>\n<meta name=\"twitter:card\" content=\"summary_large_image\" \/>\n<meta name=\"twitter:label1\" content=\"Dur\u00e9e de lecture estim\u00e9e\" \/>\n\t<meta name=\"twitter:data1\" content=\"1 minute\" \/>\n<script type=\"application\/ld+json\" class=\"yoast-schema-graph\">{\"@context\":\"https:\\\/\\\/schema.org\",\"@graph\":[{\"@type\":\"WebPage\",\"@id\":\"https:\\\/\\\/mmdwc.com\\\/DEP\\\/\",\"url\":\"https:\\\/\\\/mmdwc.com\\\/DEP\\\/\",\"name\":\"D\u00e9p\u00e9ry Fr\u00e8res\",\"isPartOf\":{\"@id\":\"https:\\\/\\\/mmdwc.com\\\/DEP\\\/#website\"},\"datePublished\":\"2025-10-05T17:25:08+00:00\",\"dateModified\":\"2026-03-16T14:46:06+00:00\",\"breadcrumb\":{\"@id\":\"https:\\\/\\\/mmdwc.com\\\/DEP\\\/#breadcrumb\"},\"inLanguage\":\"fr-FR\",\"potentialAction\":[{\"@type\":\"ReadAction\",\"target\":[\"https:\\\/\\\/mmdwc.com\\\/DEP\\\/\"]}]},{\"@type\":\"BreadcrumbList\",\"@id\":\"https:\\\/\\\/mmdwc.com\\\/DEP\\\/#breadcrumb\",\"itemListElement\":[{\"@type\":\"ListItem\",\"position\":1,\"name\":\"Home\",\"item\":\"https:\\\/\\\/mmdwc.com\\\/DEP\\\/\"},{\"@type\":\"ListItem\",\"position\":2,\"name\":\"Home\"}]},{\"@type\":\"WebSite\",\"@id\":\"https:\\\/\\\/mmdwc.com\\\/DEP\\\/#website\",\"url\":\"https:\\\/\\\/mmdwc.com\\\/DEP\\\/\",\"name\":\"D\u00e9p\u00e9ry Fr\u00e8res\",\"description\":\"Depery Fr\u00e8res est une entreprise sp\u00e9cialiste du d\u00e9colletage de pr\u00e9cision situ\u00e9e en Haute-Savoie.\",\"potentialAction\":[{\"@type\":\"SearchAction\",\"target\":{\"@type\":\"EntryPoint\",\"urlTemplate\":\"https:\\\/\\\/mmdwc.com\\\/DEP\\\/?s={search_term_string}\"},\"query-input\":{\"@type\":\"PropertyValueSpecification\",\"valueRequired\":true,\"valueName\":\"search_term_string\"}}],\"inLanguage\":\"fr-FR\"}]}<\/script>\n<!-- \/ Yoast SEO plugin. -->","yoast_head_json":{"title":"D\u00e9p\u00e9ry Fr\u00e8res","robots":{"index":"noindex","follow":"follow","max-snippet":"max-snippet:-1","max-image-preview":"max-image-preview:large","max-video-preview":"max-video-preview:-1"},"og_locale":"fr_FR","og_type":"article","og_title":"D\u00e9p\u00e9ry Fr\u00e8res","og_description":"Chez Depery, nous sommes sp\u00e9cialistes du d\u00e9colletage de pr\u00e9cision depuis 1826. La soci\u00e9t\u00e9 est situ\u00e9e \u00e0 Scionzier, en Haute-Savoie,\u00a0 au c\u0153ur de la Vall\u00e9e de l&rsquo;Arve.","og_url":"https:\/\/mmdwc.com\/DEP\/","og_site_name":"D\u00e9p\u00e9ry Fr\u00e8res","article_modified_time":"2026-03-16T14:46:06+00:00","twitter_card":"summary_large_image","twitter_misc":{"Dur\u00e9e de lecture estim\u00e9e":"1 minute"},"schema":{"@context":"https:\/\/schema.org","@graph":[{"@type":"WebPage","@id":"https:\/\/mmdwc.com\/DEP\/","url":"https:\/\/mmdwc.com\/DEP\/","name":"D\u00e9p\u00e9ry Fr\u00e8res","isPartOf":{"@id":"https:\/\/mmdwc.com\/DEP\/#website"},"datePublished":"2025-10-05T17:25:08+00:00","dateModified":"2026-03-16T14:46:06+00:00","breadcrumb":{"@id":"https:\/\/mmdwc.com\/DEP\/#breadcrumb"},"inLanguage":"fr-FR","potentialAction":[{"@type":"ReadAction","target":["https:\/\/mmdwc.com\/DEP\/"]}]},{"@type":"BreadcrumbList","@id":"https:\/\/mmdwc.com\/DEP\/#breadcrumb","itemListElement":[{"@type":"ListItem","position":1,"name":"Home","item":"https:\/\/mmdwc.com\/DEP\/"},{"@type":"ListItem","position":2,"name":"Home"}]},{"@type":"WebSite","@id":"https:\/\/mmdwc.com\/DEP\/#website","url":"https:\/\/mmdwc.com\/DEP\/","name":"D\u00e9p\u00e9ry Fr\u00e8res","description":"Depery Fr\u00e8res est une entreprise sp\u00e9cialiste du d\u00e9colletage de pr\u00e9cision situ\u00e9e en Haute-Savoie.","potentialAction":[{"@type":"SearchAction","target":{"@type":"EntryPoint","urlTemplate":"https:\/\/mmdwc.com\/DEP\/?s={search_term_string}"},"query-input":{"@type":"PropertyValueSpecification","valueRequired":true,"valueName":"search_term_string"}}],"inLanguage":"fr-FR"}]}},"_links":{"self":[{"href":"https:\/\/mmdwc.com\/DEP\/wp-json\/wp\/v2\/pages\/8","targetHints":{"allow":["GET"]}}],"collection":[{"href":"https:\/\/mmdwc.com\/DEP\/wp-json\/wp\/v2\/pages"}],"about":[{"href":"https:\/\/mmdwc.com\/DEP\/wp-json\/wp\/v2\/types\/page"}],"author":[{"embeddable":true,"href":"https:\/\/mmdwc.com\/DEP\/wp-json\/wp\/v2\/users\/1"}],"replies":[{"embeddable":true,"href":"https:\/\/mmdwc.com\/DEP\/wp-json\/wp\/v2\/comments?post=8"}],"version-history":[{"count":80,"href":"https:\/\/mmdwc.com\/DEP\/wp-json\/wp\/v2\/pages\/8\/revisions"}],"predecessor-version":[{"id":307,"href":"https:\/\/mmdwc.com\/DEP\/wp-json\/wp\/v2\/pages\/8\/revisions\/307"}],"wp:attachment":[{"href":"https:\/\/mmdwc.com\/DEP\/wp-json\/wp\/v2\/media?parent=8"}],"curies":[{"name":"wp","href":"https:\/\/api.w.org\/{rel}","templated":true}]}}